{"id":21,"date":"2024-01-05T07:13:22","date_gmt":"2024-01-05T06:13:22","guid":{"rendered":"https:\/\/www.bunadformenn.info\/p\/?page_id=21"},"modified":"2024-03-21T09:23:26","modified_gmt":"2024-03-21T08:23:26","slug":"podkast-fra-bunad-for-menn","status":"publish","type":"page","link":"https:\/\/www.bunadformenn.info\/p\/","title":{"rendered":"Bunad For Menn podkast"},"content":{"rendered":"\n<div class=\"wp-block-group alignfull has-global-padding is-layout-constrained wp-container-core-group-is-layout-490fa1db wp-block-group-is-layout-constrained\" style=\"padding-top:var(--wp--preset--spacing--50);padding-right:var(--wp--preset--spacing--50);padding-bottom:var(--wp--preset--spacing--50);padding-left:var(--wp--preset--spacing--50)\">\n<div class=\"wp-block-group has-global-padding is-layout-constrained wp-container-core-group-is-layout-650790e1 wp-block-group-is-layout-constrained\">\n<h1 class=\"wp-block-heading has-text-align-center has-x-large-font-size\" id=\"h-lytt-til-bunad-for-menn\">Lytt til Bunad For Menn<\/h1>\n\n\n\n<div style=\"height:1.25rem\" aria-hidden=\"true\" class=\"wp-block-spacer\"><\/div>\n\n\n\n<p class=\"has-text-align-left\">F\u00e5 tips av Henning Kumle f\u00f8r du skal velge bunad. H\u00f8r den spennende historien til bunadens opprinnelse. L\u00e6r hvordan du ser at det er en skikkelig kvalitetsbunad.  Unng\u00e5 bunaderlaget av billige stoffer, d\u00e5rlig h\u00e5ndverk og som kanskje koster det samme. H\u00f8r om hvordan bunaden produseres, materialene som brukes og h\u00e5ndverket som ligger bak. Bli underholdt, f\u00e5 tips, r\u00e5d. L\u00e6r historie med historiker Henning Kumle som ogs\u00e5 er eier og daglig leder i Bunad For Menn<\/p>\n\n\n\n<div style=\"height:1.25rem\" aria-hidden=\"true\" class=\"wp-block-spacer\"><\/div>\n\n\n\n<div class=\"wp-block-buttons is-layout-flex wp-block-buttons-is-layout-flex\">\n<div class=\"wp-block-button\"><a class=\"wp-block-button__link wp-element-button\" href=\"https:\/\/www.bunadformenn.info\/p\/podcast\/\">Trykk her for \u00e5 lytte til podkasten Bunad For Menn<\/a><\/div>\n<\/div>\n<\/div>\n\n\n\n<div style=\"height:var(--wp--preset--spacing--30)\" aria-hidden=\"true\" class=\"wp-block-spacer\"><\/div>\n\n\n\n<h3 class=\"wp-block-heading\" id=\"h-abonner-med-din-favoritt-podkastspilller\">Abonner med din favoritt podkastspilller<\/h3>\n\n\n\n<ul class=\"wp-block-list\">\n<li><a href=\"https:\/\/open.spotify.com\/show\/7mlpTNC3MVy8iUnq6KFtAX\">Spotify<\/a><\/li>\n\n\n\n<li><a href=\"https:\/\/podcasts.apple.com\/us\/podcast\/bunadformenn-no\/id1736927514\">Apple<\/a><\/li>\n\n\n\n<li><a href=\"https:\/\/www.youtube.com\/playlist?list=PLO1blKpWD_EfoKw9EKylp10xMCpcaEsjb\">YouTube<\/a><\/li>\n\n\n\n<li><a href=\"https:\/\/overcast.fm\/itunes1724334067\">Overcast<\/a><\/li>\n\n\n\n<li><a href=\"https:\/\/anchor.fm\/s\/f054f7cc\/podcast\/rss\">Spotify RSS feed<\/a><\/li>\n\n\n\n<li><a href=\"https:\/\/www.bunadformenn.info\/p\/feed\/podcast\/bunad-for-menn\/\">BFM RSS feed<\/a><\/li>\n\n\n\n<li><a href=\"https:\/\/music.amazon.de\/podcasts\/7de09389-5c5a-43ea-8e2d-c186982c6413\/bunad-for-menn\">Amazon<\/a><\/li>\n\n\n\n<li><a href=\"https:\/\/castbox.fm\/ch\/6082552\">Castbox<\/a><\/li>\n\n\n\n<li><a href=\"https:\/\/pca.st\/jsl76rd5\">Pocket Casts<\/a><\/li>\n<\/ul>\n\n\n\n<figure class=\"wp-block-image alignwide size-full has-custom-border is-style-rounded is-style-rounded--1\"><a href=\"https:\/\/www.bunadformenn.info\/p\/podcast\/\"><img loading=\"lazy\" decoding=\"async\" width=\"1500\" height=\"844\" src=\"https:\/\/www.bunadformenn.info\/p\/wp-content\/uploads\/4.jpg\" alt=\"F\u00e5 tips av Henning Kumle f\u00f8r du skal velge bunad. H\u00f8r den spennende historien til bunadens opprinnelse. L\u00e6r hvordan du ser forskjell p\u00e5 en skikkelig kvalitetsbunad og en versjon laget av med billig stoff, d\u00e5rlig h\u00e5ndtverk og som kanskje koster det samme. H\u00f8r om hvordan bunaden produseres, materialene som brukes og h\u00e5ndtverket som ligger bak. Bli underholdt, f\u00e5 tips, r\u00e5d og l\u00e6r historie av historikeren Henning Kumle som ogs\u00e5 er eier og daglig leder i Bunad For Menn\" class=\"wp-image-31\" style=\"border-width:2px;border-radius:100px\" srcset=\"https:\/\/www.bunadformenn.info\/p\/wp-content\/uploads\/4.jpg 1500w, https:\/\/www.bunadformenn.info\/p\/wp-content\/uploads\/4-768x432.jpg 768w\" sizes=\"auto, (max-width: 1500px) 100vw, 1500px\" \/><\/a><\/figure>\n\n\n\n<div style=\"height:100px\" aria-hidden=\"true\" class=\"wp-block-spacer\"><\/div>\n\n\n\n<h2 class=\"wp-block-heading\" id=\"h-lytt-til-fortellinger-om\">Lytt til fortellinger om<\/h2>\n\n\n\n<p>Bunad til herre, mann og gutt. Historien bak bunaden. Hvordan bunaden produseres. Hva du b\u00f8r se etter for ikke \u00e5 bli lurt n\u00e5r du handler bunad. H\u00f8r fortellinger om hvordan bunadens opphav kommer i kontakt med historisk hendelser som:<\/p>\n\n\n\n<ul class=\"wp-block-list\">\n<li>Den franske fremmedlegionen som invaderer Marokko og Algeri.<\/li>\n\n\n\n<li>Arabiske sj\u00f8r\u00f8vere som bortf\u00f8rer tre millioner kristne europeere.<\/li>\n\n\n\n<li>Skotsk Tartan kiltm\u00f8nster i flere av v\u00e5re bunader.<\/li>\n\n\n\n<li>Nedslaktingen av kaptein Georg Sinclair og hans soldater i Gudbrandsdalen.<\/li>\n\n\n\n<li>Offiserenes uniform p\u00e5 de DanskNorske Orlogsfart\u00f8yene under syttenhundretallet og mannsbunad fra Fana.<\/li>\n\n\n\n<li>En jakke uten armer og Holberg knappen i s\u00f8lv.<\/li>\n\n\n\n<li>Hellemyrsfolket, Amalie Skram og trange k\u00e5r i kystbygdene p\u00e5 vestlandet p\u00e5 attenhundretallet.<\/li>\n\n\n\n<li>Sotrabunadens kobling til under-offiser uniformen i den danske marinen p\u00e5 attenhundretallet.<\/li>\n\n\n\n<li>Bunad fra Rogaland med aner til norske sj\u00f8r\u00f8vere og spanske marineuniformer.<\/li>\n\n\n\n<li>Hvorfor Hallingbunaden er et vitnesbyrd om at motemagasiner og influensere for tohundre \u00e5r siden ogs\u00e5 p\u00e5virket folk.<\/li>\n\n\n\n<li>Hvorfor herrebunaden fra Hardanger er et vitnesbyrd om den tiden da norske menn kunne bli rike p\u00e5 \u00e5 jobbe som sj\u00f8r\u00f8vere.<\/li>\n\n\n\n<li>Hvordan herrebunaden ble et vitnesbyrd om nordmenns \u00f8nske om \u00e5 reise s\u00f8rover for \u00e5 vinne rikdom, \u00e6re og ber\u00f8mmelse.<\/li>\n\n\n\n<li>\u00d8stfoldbunad til herre som vitner om Snapp Hanenene som d\u00f8de i frihetskrigen mot svenskene.<\/li>\n\n\n\n<li>Om bondegutter fra bygda som ble leiesoldater over hele Europa og samtidig skapte herrebunaden.<\/li>\n\n\n\n<li>Prosessen bak forvandlingen fra milit\u00e6r uniform til herrebunad.<\/li>\n\n\n\n<li>Om opphavet til tradisjonen med bunader av Henning Kumle.<\/li>\n\n\n\n<li>Ikke la deg lure n\u00e5r du skal handle bunad. Henning gir deg tips og r\u00e5d om hvordan og hva du skal se etter.<\/li>\n<\/ul>\n\n\n\n<div style=\"height:100px\" aria-hidden=\"true\" class=\"wp-block-spacer\"><\/div>\n<\/div>\n\n\n\n<figure data-wp-context=\"{&quot;imageId&quot;:&quot;69f07d32791af&quot;}\" data-wp-interactive=\"core\/image\" data-wp-key=\"69f07d32791af\" class=\"wp-block-image size-full is-style-rounded is-style-rounded--2 wp-lightbox-container\"><img loading=\"lazy\" decoding=\"async\" width=\"1977\" height=\"1977\" data-wp-class--hide=\"state.isContentHidden\" data-wp-class--show=\"state.isContentVisible\" data-wp-init=\"callbacks.setButtonStyles\" data-wp-on--click=\"actions.showLightbox\" data-wp-on--load=\"callbacks.setButtonStyles\" data-wp-on-window--resize=\"callbacks.setButtonStyles\" src=\"https:\/\/www.bunadformenn.info\/p\/wp-content\/uploads\/1.jpg\" alt=\"Bunad For Menn\" class=\"wp-image-16\" srcset=\"https:\/\/www.bunadformenn.info\/p\/wp-content\/uploads\/1.jpg 1977w, https:\/\/www.bunadformenn.info\/p\/wp-content\/uploads\/1-768x768.jpg 768w, https:\/\/www.bunadformenn.info\/p\/wp-content\/uploads\/1-1536x1536.jpg 1536w\" sizes=\"auto, (max-width: 1977px) 100vw, 1977px\" \/><button\n\t\t\tclass=\"lightbox-trigger\"\n\t\t\ttype=\"button\"\n\t\t\taria-haspopup=\"dialog\"\n\t\t\taria-label=\"Forst\u00f8rr\"\n\t\t\tdata-wp-init=\"callbacks.initTriggerButton\"\n\t\t\tdata-wp-on--click=\"actions.showLightbox\"\n\t\t\tdata-wp-style--right=\"state.imageButtonRight\"\n\t\t\tdata-wp-style--top=\"state.imageButtonTop\"\n\t\t>\n\t\t\t<svg xmlns=\"http:\/\/www.w3.org\/2000\/svg\" width=\"12\" height=\"12\" fill=\"none\" viewBox=\"0 0 12 12\">\n\t\t\t\t<path fill=\"#fff\" d=\"M2 0a2 2 0 0 0-2 2v2h1.5V2a.5.5 0 0 1 .5-.5h2V0H2Zm2 10.5H2a.5.5 0 0 1-.5-.5V8H0v2a2 2 0 0 0 2 2h2v-1.5ZM8 12v-1.5h2a.5.5 0 0 0 .5-.5V8H12v2a2 2 0 0 1-2 2H8Zm2-12a2 2 0 0 1 2 2v2h-1.5V2a.5.5 0 0 0-.5-.5H8V0h2Z\" \/>\n\t\t\t<\/svg>\n\t\t<\/button><\/figure>\n","protected":false},"excerpt":{"rendered":"excerpt","protected":false},"author":1,"featured_media":0,"parent":0,"menu_order":0,"comment_status":"closed","ping_status":"closed","template":"","meta":{"episode_type":"","audio_file":"","transcript_file":"","podmotor_file_id":"","podmotor_episode_id":"","cover_image":"","cover_image_id":"","duration":"","filesize":"","filesize_raw":"","date_recorded":"","explicit":"","block":"","footnotes":""},"class_list":["post-21","page","type-page","status-publish","hentry"],"yoast_head":"<!-- This site is optimized with the Yoast SEO Premium plugin v22.3 (Yoast SEO v27.4) - https:\/\/yoast.com\/product\/yoast-seo-premium-wordpress\/ -->\n<title>Podkast fra Bunad For Menn og Henning Kumle<\/title>\n<meta name=\"description\" content=\"Podkast fra Bunad For Menn og Henning Kumle. H\u00f8r den spennende historien til bunadens opprinnelse. L\u00e6r hvordan du ser forskjell p\u00e5 bunader.\" \/>\n<meta name=\"robots\" content=\"index, follow, max-snippet:-1, max-image-preview:large, max-video-preview:-1\" \/>\n<link rel=\"canonical\" href=\"https:\/\/www.bunadformenn.info\/p\/\" \/>\n<meta property=\"og:locale\" content=\"nb_NO\" \/>\n<meta property=\"og:type\" content=\"article\" \/>\n<meta property=\"og:title\" content=\"Podkast fra Bunad For Menn og Henning Kumle\" \/>\n<meta property=\"og:description\" content=\"Podkast fra Bunad For Menn og Henning Kumle. H\u00f8r den spennende historien til bunadens opprinnelse. L\u00e6r hvordan du ser forskjell p\u00e5 bunader.\" \/>\n<meta property=\"og:url\" content=\"https:\/\/www.bunadformenn.info\/p\/\" \/>\n<meta property=\"og:site_name\" content=\"Bunad For Menn har podkast\" \/>\n<meta property=\"article:modified_time\" content=\"2024-03-21T08:23:26+00:00\" \/>\n<meta property=\"og:image\" content=\"https:\/\/www.bunadformenn.info\/p\/wp-content\/uploads\/4.jpg\" \/>\n<meta name=\"twitter:card\" content=\"summary_large_image\" \/>\n<meta name=\"twitter:title\" content=\"Podkast fra Bunad For Menn og Henning Kumle\" \/>\n<meta name=\"twitter:description\" content=\"Podkast fra Bunad For Menn og Henning Kumle. H\u00f8r den spennende historien til bunadens opprinnelse. L\u00e6r hvordan du ser forskjell p\u00e5 bunader.\" \/>\n<meta name=\"twitter:label1\" content=\"Ansl. lesetid\" \/>\n\t<meta name=\"twitter:data1\" content=\"3 minutter\" \/>\n<!-- \/ Yoast SEO Premium plugin. -->","yoast_head_json":{"title":"Podkast fra Bunad For Menn og Henning Kumle","description":"Podkast fra Bunad For Menn og Henning Kumle. H\u00f8r den spennende historien til bunadens opprinnelse. L\u00e6r hvordan du ser forskjell p\u00e5 bunader.","robots":{"index":"index","follow":"follow","max-snippet":"max-snippet:-1","max-image-preview":"max-image-preview:large","max-video-preview":"max-video-preview:-1"},"canonical":"https:\/\/www.bunadformenn.info\/p\/","og_locale":"nb_NO","og_type":"article","og_title":"Podkast fra Bunad For Menn og Henning Kumle","og_description":"Podkast fra Bunad For Menn og Henning Kumle. H\u00f8r den spennende historien til bunadens opprinnelse. L\u00e6r hvordan du ser forskjell p\u00e5 bunader.","og_url":"https:\/\/www.bunadformenn.info\/p\/","og_site_name":"Bunad For Menn har podkast","article_modified_time":"2024-03-21T08:23:26+00:00","og_image":[{"url":"https:\/\/www.bunadformenn.info\/p\/wp-content\/uploads\/4.jpg","type":"","width":"","height":""}],"twitter_card":"summary_large_image","twitter_title":"Podkast fra Bunad For Menn og Henning Kumle","twitter_description":"Podkast fra Bunad For Menn og Henning Kumle. H\u00f8r den spennende historien til bunadens opprinnelse. L\u00e6r hvordan du ser forskjell p\u00e5 bunader.","twitter_misc":{"Ansl. lesetid":"3 minutter"},"schema":{"@context":"https:\/\/schema.org","@graph":[{"@type":["Article","BlogPosting"],"@id":"https:\/\/www.bunadformenn.info\/p\/#article","isPartOf":{"@id":"https:\/\/www.bunadformenn.info\/p\/"},"author":{"name":"Henning Kumle historiker i Bunad For Menn","@id":"https:\/\/www.bunadformenn.info\/p\/#\/schema\/person\/5a49b5c8a02c22a45fc006a6c7b897fe"},"headline":"Bunad For Menn podkast","datePublished":"2024-01-05T06:13:22+00:00","dateModified":"2024-03-21T08:23:26+00:00","mainEntityOfPage":{"@id":"https:\/\/www.bunadformenn.info\/p\/"},"wordCount":396,"image":{"@id":"https:\/\/www.bunadformenn.info\/p\/#primaryimage"},"thumbnailUrl":"https:\/\/www.bunadformenn.info\/p\/wp-content\/uploads\/4.jpg","inLanguage":"nb-NO"},{"@type":"WebPage","@id":"https:\/\/www.bunadformenn.info\/p\/","url":"https:\/\/www.bunadformenn.info\/p\/","name":"Podkast fra Bunad For Menn og Henning Kumle","isPartOf":{"@id":"https:\/\/www.bunadformenn.info\/p\/#website"},"primaryImageOfPage":{"@id":"https:\/\/www.bunadformenn.info\/p\/#primaryimage"},"image":{"@id":"https:\/\/www.bunadformenn.info\/p\/#primaryimage"},"thumbnailUrl":"https:\/\/www.bunadformenn.info\/p\/wp-content\/uploads\/4.jpg","datePublished":"2024-01-05T06:13:22+00:00","dateModified":"2024-03-21T08:23:26+00:00","description":"Podkast fra Bunad For Menn og Henning Kumle. H\u00f8r den spennende historien til bunadens opprinnelse. L\u00e6r hvordan du ser forskjell p\u00e5 bunader.","breadcrumb":{"@id":"https:\/\/www.bunadformenn.info\/p\/#breadcrumb"},"inLanguage":"nb-NO","potentialAction":[{"@type":"ReadAction","target":["https:\/\/www.bunadformenn.info\/p\/"]}]},{"@type":"ImageObject","inLanguage":"nb-NO","@id":"https:\/\/www.bunadformenn.info\/p\/#primaryimage","url":"https:\/\/www.bunadformenn.info\/p\/wp-content\/uploads\/4.jpg","contentUrl":"https:\/\/www.bunadformenn.info\/p\/wp-content\/uploads\/4.jpg","width":1500,"height":844},{"@type":"BreadcrumbList","@id":"https:\/\/www.bunadformenn.info\/p\/#breadcrumb","itemListElement":[{"@type":"ListItem","position":1,"name":"Home","item":"https:\/\/www.bunadformenn.info\/p\/"},{"@type":"ListItem","position":2,"name":"Bunad For Menn podkast"}]},{"@type":"WebSite","@id":"https:\/\/www.bunadformenn.info\/p\/#website","url":"https:\/\/www.bunadformenn.info\/p\/","name":"Bunad For Menn har podkast","description":"F\u00e5 tips og r\u00e5d om bunad til herre. La historiker Henning Kumle underholde deg med historie om opprinnelsen til bunaden.","potentialAction":[{"@type":"SearchAction","target":{"@type":"EntryPoint","urlTemplate":"https:\/\/www.bunadformenn.info\/p\/?s={search_term_string}"},"query-input":{"@type":"PropertyValueSpecification","valueRequired":true,"valueName":"search_term_string"}}],"inLanguage":"nb-NO"},{"@type":"Person","@id":"https:\/\/www.bunadformenn.info\/p\/#\/schema\/person\/5a49b5c8a02c22a45fc006a6c7b897fe","name":"Henning Kumle historiker i Bunad For Menn","sameAs":["https:\/\/www.bunadformenn.info\/p"],"url":"https:\/\/www.bunadformenn.info\/p\/author\/kfedr-8246-qazvth\/"}]}},"_links":{"self":[{"href":"https:\/\/www.bunadformenn.info\/p\/wp-json\/wp\/v2\/pages\/21","targetHints":{"allow":["GET"]}}],"collection":[{"href":"https:\/\/www.bunadformenn.info\/p\/wp-json\/wp\/v2\/pages"}],"about":[{"href":"https:\/\/www.bunadformenn.info\/p\/wp-json\/wp\/v2\/types\/page"}],"author":[{"embeddable":true,"href":"https:\/\/www.bunadformenn.info\/p\/wp-json\/wp\/v2\/users\/1"}],"replies":[{"embeddable":true,"href":"https:\/\/www.bunadformenn.info\/p\/wp-json\/wp\/v2\/comments?post=21"}],"version-history":[{"count":0,"href":"https:\/\/www.bunadformenn.info\/p\/wp-json\/wp\/v2\/pages\/21\/revisions"}],"wp:attachment":[{"href":"https:\/\/www.bunadformenn.info\/p\/wp-json\/wp\/v2\/media?parent=21"}],"curies":[{"name":"wp","href":"https:\/\/api.w.org\/{rel}","templated":true}]}}